{"id":556,"date":"2021-05-21T15:19:48","date_gmt":"2021-05-21T13:19:48","guid":{"rendered":"https:\/\/happygoodies.eu\/?page_id=556"},"modified":"2024-12-16T18:50:41","modified_gmt":"2024-12-16T17:50:41","slug":"crayon-a-graines-personnalisable","status":"publish","type":"page","link":"https:\/\/happygoodies.eu\/index.php\/crayon-a-graines-personnalisable\/","title":{"rendered":"Crayon a graines"},"content":{"rendered":"<p>[et_pb_section fb_built=\u00a0\u00bb1&Prime; _builder_version=\u00a0\u00bb4.16&Prime; _module_preset=\u00a0\u00bbdefault\u00a0\u00bb custom_padding=\u00a0\u00bb0px|||||\u00a0\u00bb global_colors_info=\u00a0\u00bb{}\u00a0\u00bb][et_pb_row _builder_version=\u00a0\u00bb4.16&Prime; _module_preset=\u00a0\u00bbdefault\u00a0\u00bb global_colors_info=\u00a0\u00bb{}\u00a0\u00bb][et_pb_column type=\u00a0\u00bb4_4&Prime; _builder_version=\u00a0\u00bb4.16&Prime; _module_preset=\u00a0\u00bbdefault\u00a0\u00bb global_colors_info=\u00a0\u00bb{}\u00a0\u00bb][et_pb_text _builder_version=\u00a0\u00bb4.27.0&Prime; _module_preset=\u00a0\u00bbdefault\u00a0\u00bb hover_enabled=\u00a0\u00bb0&Prime; global_colors_info=\u00a0\u00bb{}\u00a0\u00bb sticky_enabled=\u00a0\u00bb0&Prime;]<\/p>\n<h1 style=\"text-align: center;\">Crayon \u00e0 graines<\/h1>\n<p>[\/et_pb_text][\/et_pb_column][\/et_pb_row][et_pb_row column_structure=\u00a0\u00bb3_5,2_5&Prime; _builder_version=\u00a0\u00bb4.16&Prime; _module_preset=\u00a0\u00bbdefault\u00a0\u00bb global_colors_info=\u00a0\u00bb{}\u00a0\u00bb][et_pb_column type=\u00a0\u00bb3_5&Prime; _builder_version=\u00a0\u00bb4.16&Prime; _module_preset=\u00a0\u00bbdefault\u00a0\u00bb global_colors_info=\u00a0\u00bb{}\u00a0\u00bb][et_pb_image src=\u00a0\u00bbhttps:\/\/happygoodies.eu\/wp-content\/uploads\/2021\/05\/IDR137-YOU-compo.jpg\u00a0\u00bb title_text=\u00a0\u00bbIDR137-YOU-compo\u00a0\u00bb _builder_version=\u00a0\u00bb4.16&Prime; _module_preset=\u00a0\u00bbdefault\u00a0\u00bb global_colors_info=\u00a0\u00bb{}\u00a0\u00bb][\/et_pb_image][et_pb_image src=\u00a0\u00bbhttps:\/\/happygoodies.eu\/wp-content\/uploads\/2021\/05\/IDR137-pousse-1.jpg\u00a0\u00bb title_text=\u00a0\u00bbIDR137-pouss\u00e9-1&Prime; _builder_version=\u00a0\u00bb4.16&Prime; _module_preset=\u00a0\u00bbdefault\u00a0\u00bb global_colors_info=\u00a0\u00bb{}\u00a0\u00bb][\/et_pb_image][\/et_pb_column][et_pb_column type=\u00a0\u00bb2_5&Prime; _builder_version=\u00a0\u00bb4.16&Prime; _module_preset=\u00a0\u00bbdefault\u00a0\u00bb global_colors_info=\u00a0\u00bb{}\u00a0\u00bb][et_pb_text _builder_version=\u00a0\u00bb4.16&Prime; _module_preset=\u00a0\u00bbdefault\u00a0\u00bb global_colors_info=\u00a0\u00bb{}\u00a0\u00bb]<\/p>\n<h2 style=\"text-align: left;\">Et si un simple crayon \u00e0 papier pouvait agir en faveur de l\u2019environnement ?<\/h2>\n<p>Ce crayon \u00e0 graines est original et surprenant : il est capable d\u2019\u00e9mettre des racines et de donner naissance \u00e0 une plante. Un objet publicitaire r\u00e9volutionnaire : lorsqu\u2019il est devenu trop petit pour \u00e9crire, il suffit de le planter !<\/p>\n<p>Crayon avec une mine graphite en bois de c\u00e8dre. Contient une capsule de graines \u00e0 son extr\u00e9mit\u00e9 pr\u00eate \u00e0 \u00eatre plant\u00e9e. 7 vari\u00e9t\u00e9s au choix : tomate cerise, basilic, p\u00e2querette, sauge, tournesol, myosotis, thym.<\/p>\n<ul>\n<li>Quantit\u00e9 minimum de commandes\u00a0: 100 crayons \u00e0 planter<\/li>\n<li>Possibilit\u00e9 de graver le nom de votre entreprise sur les crayons<\/li>\n<li>Possibilit\u00e9 d\u2019accompagner le crayon avec son \u00e9tui personnalisable pouvant \u00e9galement servir de marque-page<\/li>\n<li>Graines garanties de germination et issues de nouvelles r\u00e9coltes<\/li>\n<li>Livr\u00e9 non-taill\u00e9.<\/li>\n<li>Nom des graines grav\u00e9 \u00e0 l&rsquo;extr\u00e9mit\u00e9<\/li>\n<li>Diam\u00e8tre 7 mm et 190 mm de longueur<\/li>\n<\/ul>\n<ul>\n<li><strong>En option<\/strong>:<\/li>\n<li>Marquage sur le corps du crayon : soit par tampographie 1 couleur \/ 1 position; Soit par gravure laser .<\/li>\n<li>Possibilit\u00e9 de personnaliser le Blister.<\/li>\n<\/ul>\n<ul><\/ul>\n<ul><\/ul>\n<p>[\/et_pb_text][\/et_pb_column][\/et_pb_row][\/et_pb_section][et_pb_section fb_built=\u00a0\u00bb1&Prime; _builder_version=\u00a0\u00bb4.16&Prime; _module_preset=\u00a0\u00bbdefault\u00a0\u00bb background_color=\u00a0\u00bb#FFFFFF\u00a0\u00bb custom_margin=\u00a0\u00bb-47px|||||\u00a0\u00bb collapsed=\u00a0\u00bboff\u00a0\u00bb global_colors_info=\u00a0\u00bb{}\u00a0\u00bb][et_pb_row _builder_version=\u00a0\u00bb4.16&Prime; _module_preset=\u00a0\u00bbdefault\u00a0\u00bb custom_margin=\u00a0\u00bb|auto|-66px|auto||\u00a0\u00bb custom_padding=\u00a0\u00bb0px||0px|||\u00a0\u00bb global_colors_info=\u00a0\u00bb{}\u00a0\u00bb][et_pb_column type=\u00a0\u00bb4_4&Prime; _builder_version=\u00a0\u00bb4.16&Prime; _module_preset=\u00a0\u00bbdefault\u00a0\u00bb global_colors_info=\u00a0\u00bb{}\u00a0\u00bb][et_pb_cta title=\u00a0\u00bbCurieux d&rsquo;en savoir plus?\u00a0\u00bb button_url=\u00a0\u00bbindex.php\/contact\u00a0\u00bb button_text=\u00a0\u00bbDemander une offre\u00a0\u00bb _builder_version=\u00a0\u00bb4.16&Prime; _module_preset=\u00a0\u00bbdefault\u00a0\u00bb header_text_color=\u00a0\u00bb#000000&Prime; body_text_color=\u00a0\u00bb#666666&Prime; background_color=\u00a0\u00bbRGBA(0,0,0,0)\u00a0\u00bb animation_style=\u00a0\u00bbzoom\u00a0\u00bb animation_starting_opacity=\u00a0\u00bb75%\u00a0\u00bb hover_transition_duration=\u00a0\u00bb0ms\u00a0\u00bb border_radii=\u00a0\u00bbon|2px|2px|2px|2px\u00a0\u00bb global_colors_info=\u00a0\u00bb{}\u00a0\u00bb][\/et_pb_cta][\/et_pb_column][\/et_pb_row][\/et_pb_section][et_pb_section fb_built=\u00a0\u00bb1&Prime; _builder_version=\u00a0\u00bb4.16&Prime; _module_preset=\u00a0\u00bbdefault\u00a0\u00bb global_colors_info=\u00a0\u00bb{}\u00a0\u00bb][et_pb_row column_structure=\u00a0\u00bb1_3,1_3,1_3&Prime; _builder_version=\u00a0\u00bb4.16&Prime; _module_preset=\u00a0\u00bbdefault\u00a0\u00bb global_colors_info=\u00a0\u00bb{}\u00a0\u00bb][et_pb_column type=\u00a0\u00bb1_3&Prime; _builder_version=\u00a0\u00bb4.16&Prime; _module_preset=\u00a0\u00bbdefault\u00a0\u00bb global_colors_info=\u00a0\u00bb{}\u00a0\u00bb][et_pb_image src=\u00a0\u00bbhttps:\/\/happygoodies.eu\/wp-content\/uploads\/2021\/05\/Crayon-basilic.jpg\u00a0\u00bb title_text=\u00a0\u00bbCrayon-basilic\u00a0\u00bb url=\u00a0\u00bbhttps:\/\/www.grainedecrayon.com\/\u00a0\u00bb _builder_version=\u00a0\u00bb4.24.2&Prime; _module_preset=\u00a0\u00bbdefault\u00a0\u00bb global_colors_info=\u00a0\u00bb{}\u00a0\u00bb][\/et_pb_image][\/et_pb_column][et_pb_column type=\u00a0\u00bb1_3&Prime; _builder_version=\u00a0\u00bb4.16&Prime; _module_preset=\u00a0\u00bbdefault\u00a0\u00bb global_colors_info=\u00a0\u00bb{}\u00a0\u00bb][et_pb_image src=\u00a0\u00bbhttps:\/\/happygoodies.eu\/wp-content\/uploads\/2021\/05\/mix-1-300&#215;280.jpg\u00a0\u00bb title_text=\u00a0\u00bbmix-1&Prime; url=\u00a0\u00bbhttp:\/\/www.grainedecrayon.com\u00a0\u00bb _builder_version=\u00a0\u00bb4.24.2&Prime; _module_preset=\u00a0\u00bbdefault\u00a0\u00bb global_colors_info=\u00a0\u00bb{}\u00a0\u00bb][\/et_pb_image][\/et_pb_column][et_pb_column type=\u00a0\u00bb1_3&Prime; _builder_version=\u00a0\u00bb4.16&Prime; _module_preset=\u00a0\u00bbdefault\u00a0\u00bb global_colors_info=\u00a0\u00bb{}\u00a0\u00bb][et_pb_image src=\u00a0\u00bbhttps:\/\/happygoodies.eu\/wp-content\/uploads\/2021\/05\/IDR137-sauge_5500-200&#215;300.png\u00a0\u00bb title_text=\u00a0\u00bbIDR137-sauge_5500&Prime; url=\u00a0\u00bbhttps:\/\/www.grainedecrayon.com\/\u00a0\u00bb _builder_version=\u00a0\u00bb4.24.2&Prime; _module_preset=\u00a0\u00bbdefault\u00a0\u00bb global_colors_info=\u00a0\u00bb{}\u00a0\u00bb][\/et_pb_image][\/et_pb_column][\/et_pb_row][\/et_pb_section]<\/p>\n","protected":false},"excerpt":{"rendered":"<p>Crayon \u00e0 grainesEt si un simple crayon \u00e0 papier pouvait agir en faveur de l\u2019environnement ? Ce crayon \u00e0 graines est original et surprenant : il est capable d\u2019\u00e9mettre des racines et de donner naissance \u00e0 une plante. Un objet publicitaire r\u00e9volutionnaire : lorsqu\u2019il est devenu trop petit pour \u00e9crire, il suffit de le planter [&hellip;]<\/p>\n","protected":false},"author":2,"featured_media":0,"parent":0,"menu_order":0,"comment_status":"closed","ping_status":"closed","template":"","meta":{"_et_pb_use_builder":"on","_et_pb_old_content":"","_et_gb_content_width":"","footnotes":""},"class_list":["post-556","page","type-page","status-publish","hentry"],"_links":{"self":[{"href":"https:\/\/happygoodies.eu\/index.php\/wp-json\/wp\/v2\/pages\/556","targetHints":{"allow":["GET"]}}],"collection":[{"href":"https:\/\/happygoodies.eu\/index.php\/wp-json\/wp\/v2\/pages"}],"about":[{"href":"https:\/\/happygoodies.eu\/index.php\/wp-json\/wp\/v2\/types\/page"}],"author":[{"embeddable":true,"href":"https:\/\/happygoodies.eu\/index.php\/wp-json\/wp\/v2\/users\/2"}],"replies":[{"embeddable":true,"href":"https:\/\/happygoodies.eu\/index.php\/wp-json\/wp\/v2\/comments?post=556"}],"version-history":[{"count":12,"href":"https:\/\/happygoodies.eu\/index.php\/wp-json\/wp\/v2\/pages\/556\/revisions"}],"predecessor-version":[{"id":853,"href":"https:\/\/happygoodies.eu\/index.php\/wp-json\/wp\/v2\/pages\/556\/revisions\/853"}],"wp:attachment":[{"href":"https:\/\/happygoodies.eu\/index.php\/wp-json\/wp\/v2\/media?parent=556"}],"curies":[{"name":"wp","href":"https:\/\/api.w.org\/{rel}","templated":true}]}}