{"id":559,"date":"2021-05-03T18:29:56","date_gmt":"2021-05-03T16:29:56","guid":{"rendered":"https:\/\/happygoodies.eu\/?page_id=559"},"modified":"2021-05-22T15:03:45","modified_gmt":"2021-05-22T13:03:45","slug":"crayon-surligneur-fluorescent","status":"publish","type":"page","link":"https:\/\/happygoodies.eu\/index.php\/crayon-surligneur-fluorescent\/","title":{"rendered":"Crayons surligneurs"},"content":{"rendered":"<p>[et_pb_section fb_built=\u00a0\u00bb1&Prime; _builder_version=\u00a0\u00bb4.9.4&Prime; _module_preset=\u00a0\u00bbdefault\u00a0\u00bb custom_padding=\u00a0\u00bb0px|||||\u00a0\u00bb][et_pb_row _builder_version=\u00a0\u00bb4.9.4&Prime; _module_preset=\u00a0\u00bbdefault\u00a0\u00bb][et_pb_column type=\u00a0\u00bb4_4&Prime; _builder_version=\u00a0\u00bb4.9.4&Prime; _module_preset=\u00a0\u00bbdefault\u00a0\u00bb][et_pb_text _builder_version=\u00a0\u00bb4.9.4&Prime; _module_preset=\u00a0\u00bbdefault\u00a0\u00bb hover_enabled=\u00a0\u00bb0&Prime; sticky_enabled=\u00a0\u00bb0&Prime;]<\/p>\n<h2 style=\"text-align: center;\">Crayon de couleur fluo en bois<\/h2>\n<p>[\/et_pb_text][\/et_pb_column][\/et_pb_row][et_pb_row column_structure=\u00a0\u00bb3_5,2_5&Prime; _builder_version=\u00a0\u00bb4.9.4&Prime; _module_preset=\u00a0\u00bbdefault\u00a0\u00bb][et_pb_column type=\u00a0\u00bb3_5&Prime; _builder_version=\u00a0\u00bb4.9.4&Prime; _module_preset=\u00a0\u00bbdefault\u00a0\u00bb][et_pb_image src=\u00a0\u00bbhttps:\/\/happygoodies.eu\/wp-content\/uploads\/2021\/05\/PR17IC85FL_7-AMB_-scaled.jpg\u00a0\u00bb title_text=\u00a0\u00bbPR17IC85FL_7 AMB_\u00a0\u00bb _builder_version=\u00a0\u00bb4.9.4&Prime; _module_preset=\u00a0\u00bbdefault\u00a0\u00bb][\/et_pb_image][\/et_pb_column][et_pb_column type=\u00a0\u00bb2_5&Prime; _builder_version=\u00a0\u00bb4.9.4&Prime; _module_preset=\u00a0\u00bbdefault\u00a0\u00bb][et_pb_text _builder_version=\u00a0\u00bb4.9.4&Prime; _module_preset=\u00a0\u00bbdefault\u00a0\u00bb hover_enabled=\u00a0\u00bb0&Prime; sticky_enabled=\u00a0\u00bb0&Prime;]<\/p>\n<h3 style=\"text-align: left;\"><\/h3>\n<h3 style=\"text-align: left;\">L\u2019alternative \u00e9cologique \u00e0 la pointe de l\u2019innovation\u00a0!<\/h3>\n<h3><\/h3>\n<p>Con\u00e7u pour remplacer le traditionnel surligneur en plastique, le corps du crayon est en bois \u00e9cologique certifi\u00e9.<\/p>\n<p>Original, \u00e9cologique et pratique :<\/p>\n<ul>\n<li>Ne s\u00e8che pas<\/li>\n<li>Ne coule pas<\/li>\n<li>L\u2019encre ne traverse pas le papier<\/li>\n<li>Prise en main est tr\u00e8s agr\u00e9able<\/li>\n<li>Pour du surlignage fin, moyen ou \u00e9pais<\/li>\n<li>Personnalisable sur toute sa surface<\/li>\n<li>Disponible en plusieurs tailles<\/li>\n<li>Look design<\/li>\n<li>Fabriqu\u00e9 en France<\/li>\n<li>Vernis \u00e9cologique \u00e0 base d\u2019eau<\/li>\n<li>Bois FSC<\/li>\n<\/ul>\n<ul><\/ul>\n<p>[\/et_pb_text][\/et_pb_column][\/et_pb_row][\/et_pb_section][et_pb_section fb_built=\u00a0\u00bb1&Prime; _builder_version=\u00a0\u00bb4.9.4&Prime; _module_preset=\u00a0\u00bbdefault\u00a0\u00bb background_color=\u00a0\u00bb#FFFFFF\u00a0\u00bb custom_margin=\u00a0\u00bb-47px|||||\u00a0\u00bb collapsed=\u00a0\u00bboff\u00a0\u00bb][et_pb_row _builder_version=\u00a0\u00bb4.9.4&Prime; _module_preset=\u00a0\u00bbdefault\u00a0\u00bb custom_margin=\u00a0\u00bb|auto|-66px|auto||\u00a0\u00bb custom_padding=\u00a0\u00bb0px||0px|||\u00a0\u00bb][et_pb_column type=\u00a0\u00bb4_4&Prime; _builder_version=\u00a0\u00bb4.9.4&Prime; _module_preset=\u00a0\u00bbdefault\u00a0\u00bb][et_pb_cta title=\u00a0\u00bbCurieux d&rsquo;en savoir plus?\u00a0\u00bb button_url=\u00a0\u00bbindex.php\/contact\u00a0\u00bb button_text=\u00a0\u00bbDemander une offre\u00a0\u00bb _builder_version=\u00a0\u00bb4.9.4&Prime; _module_preset=\u00a0\u00bbdefault\u00a0\u00bb header_text_color=\u00a0\u00bb#000000&Prime; body_text_color=\u00a0\u00bb#666666&Prime; background_color=\u00a0\u00bbRGBA(0,0,0,0)\u00a0\u00bb animation_style=\u00a0\u00bbzoom\u00a0\u00bb animation_starting_opacity=\u00a0\u00bb75%\u00a0\u00bb hover_transition_duration=\u00a0\u00bb0ms\u00a0\u00bb border_radii=\u00a0\u00bbon|2px|2px|2px|2px\u00a0\u00bb][\/et_pb_cta][\/et_pb_column][\/et_pb_row][\/et_pb_section][et_pb_section fb_built=\u00a0\u00bb1&Prime; _builder_version=\u00a0\u00bb4.9.4&Prime; _module_preset=\u00a0\u00bbdefault\u00a0\u00bb][et_pb_row column_structure=\u00a0\u00bb1_2,1_2&Prime; _builder_version=\u00a0\u00bb4.9.4&Prime; _module_preset=\u00a0\u00bbdefault\u00a0\u00bb][et_pb_column type=\u00a0\u00bb1_2&Prime; _builder_version=\u00a0\u00bb4.9.4&Prime; _module_preset=\u00a0\u00bbdefault\u00a0\u00bb][et_pb_testimonial author=\u00a0\u00bbIsabelle D.\u00a0\u00bb job_title=\u00a0\u00bbDirectrice marketing\u00a0\u00bb portrait_url=\u00a0\u00bbhttps:\/\/happygoodies.eu\/wp-content\/uploads\/2021\/05\/Visage-femme-2.png\u00a0\u00bb _builder_version=\u00a0\u00bb4.9.4&Prime; _module_preset=\u00a0\u00bbdefault\u00a0\u00bb]<\/p>\n<p>Nous avons d\u00e9cid\u00e9 de tester ces surligneurs parce que nous voulions diminuer notre emplreinte \u00e9cologique.<br \/>Il n&rsquo;a pas fallu tr\u00e8s longtemps pour que nos employ\u00e9s acceptent d&rsquo;utiliser ces surligneurs \u00e0 la place des anciens en plastique.<\/p>\n<p>[\/et_pb_testimonial][\/et_pb_column][et_pb_column type=\u00a0\u00bb1_2&Prime; _builder_version=\u00a0\u00bb4.9.4&Prime; _module_preset=\u00a0\u00bbdefault\u00a0\u00bb][et_pb_testimonial author=\u00a0\u00bbMarc R.\u00a0\u00bb job_title=\u00a0\u00bbResponsable Ressources Humaines\u00a0\u00bb portrait_url=\u00a0\u00bbhttps:\/\/happygoodies.eu\/wp-content\/uploads\/2021\/05\/Visage-homme-1.png\u00a0\u00bb _builder_version=\u00a0\u00bb4.9.4&Prime; _module_preset=\u00a0\u00bbdefault\u00a0\u00bb]<\/p>\n<p>Je recherchais un cadeau original pour mes employ\u00e9s et Happy Goodies m&rsquo;a propos\u00e9 des sets de surligneurs en bois avec le nom de notre soci\u00e9t\u00e9. Les employ\u00e9s en sont tr\u00e8s contents et je pense en recommander pour nos clients.<\/p>\n<p>[\/et_pb_testimonial][\/et_pb_column][\/et_pb_row][\/et_pb_section][et_pb_section fb_built=\u00a0\u00bb1&Prime; _builder_version=\u00a0\u00bb4.9.4&Prime; _module_preset=\u00a0\u00bbdefault\u00a0\u00bb][et_pb_row column_structure=\u00a0\u00bb1_5,1_5,1_5,1_5,1_5&Prime; _builder_version=\u00a0\u00bb4.9.4&Prime; _module_preset=\u00a0\u00bbdefault\u00a0\u00bb][et_pb_column type=\u00a0\u00bb1_5&Prime; _builder_version=\u00a0\u00bb4.9.4&Prime; _module_preset=\u00a0\u00bbdefault\u00a0\u00bb][et_pb_image src=\u00a0\u00bbhttps:\/\/happygoodies.eu\/wp-content\/uploads\/2021\/05\/PR17IC85FL_4-AMB_.jpg\u00a0\u00bb title_text=\u00a0\u00bbSURLIGNEUR 17,6 CM VERNIS INCOLORE\u00a0\u00bb _builder_version=\u00a0\u00bb4.9.4&Prime; _module_preset=\u00a0\u00bbdefault\u00a0\u00bb][\/et_pb_image][\/et_pb_column][et_pb_column type=\u00a0\u00bb1_5&Prime; _builder_version=\u00a0\u00bb4.9.4&Prime; _module_preset=\u00a0\u00bbdefault\u00a0\u00bb][et_pb_image src=\u00a0\u00bbhttps:\/\/happygoodies.eu\/wp-content\/uploads\/2021\/05\/PR17IC85FL_5-AMB_-scaled.jpg\u00a0\u00bb title_text=\u00a0\u00bbSURLIGNEUR 17,6 CM VERNIS INCOLORE\u00a0\u00bb _builder_version=\u00a0\u00bb4.9.4&Prime; _module_preset=\u00a0\u00bbdefault\u00a0\u00bb][\/et_pb_image][\/et_pb_column][et_pb_column type=\u00a0\u00bb1_5&Prime; _builder_version=\u00a0\u00bb4.9.4&Prime; _module_preset=\u00a0\u00bbdefault\u00a0\u00bb][et_pb_image src=\u00a0\u00bbhttps:\/\/happygoodies.eu\/wp-content\/uploads\/2021\/05\/PR08IC85FL_002.jpg\u00a0\u00bb title_text=\u00a0\u00bbSURLIGNEUR FLUO 8,7 CM VERNIS INCOLORE\u00a0\u00bb _builder_version=\u00a0\u00bb4.9.4&Prime; _module_preset=\u00a0\u00bbdefault\u00a0\u00bb][\/et_pb_image][\/et_pb_column][et_pb_column type=\u00a0\u00bb1_5&Prime; _builder_version=\u00a0\u00bb4.9.4&Prime; _module_preset=\u00a0\u00bbdefault\u00a0\u00bb][et_pb_image src=\u00a0\u00bbhttps:\/\/happygoodies.eu\/wp-content\/uploads\/2021\/05\/BR08PC85FL_005.jpg\u00a0\u00bb title_text=\u00a0\u00bbBR08PC85FL\u00a0\u00bb _builder_version=\u00a0\u00bb4.9.4&Prime; _module_preset=\u00a0\u00bbdefault\u00a0\u00bb][\/et_pb_image][\/et_pb_column][et_pb_column type=\u00a0\u00bb1_5&Prime; _builder_version=\u00a0\u00bb4.9.4&Prime; _module_preset=\u00a0\u00bbdefault\u00a0\u00bb][et_pb_image src=\u00a0\u00bbhttps:\/\/happygoodies.eu\/wp-content\/uploads\/2021\/05\/SPP15I02FL_2-AMB_RVB_-scaled.jpg\u00a0\u00bb title_text=\u00a0\u00bbSPP15I02FL_2 AMB_RVB_\u00a0\u00bb _builder_version=\u00a0\u00bb4.9.4&Prime; _module_preset=\u00a0\u00bbdefault\u00a0\u00bb][\/et_pb_image][\/et_pb_column][\/et_pb_row][\/et_pb_section]<\/p>\n","protected":false},"excerpt":{"rendered":"<p>Crayon de couleur fluo en bois L\u2019alternative \u00e9cologique \u00e0 la pointe de l\u2019innovation\u00a0! Con\u00e7u pour remplacer le traditionnel surligneur en plastique, le corps du crayon est en bois \u00e9cologique certifi\u00e9. Original, \u00e9cologique et pratique : Ne s\u00e8che pas Ne coule pas L\u2019encre ne traverse pas le papier Prise en main est tr\u00e8s agr\u00e9able Pour du [&hellip;]<\/p>\n","protected":false},"author":2,"featured_media":0,"parent":0,"menu_order":0,"comment_status":"closed","ping_status":"closed","template":"","meta":{"_et_pb_use_builder":"on","_et_pb_old_content":"","_et_gb_content_width":"","footnotes":""},"class_list":["post-559","page","type-page","status-publish","hentry"],"_links":{"self":[{"href":"https:\/\/happygoodies.eu\/index.php\/wp-json\/wp\/v2\/pages\/559","targetHints":{"allow":["GET"]}}],"collection":[{"href":"https:\/\/happygoodies.eu\/index.php\/wp-json\/wp\/v2\/pages"}],"about":[{"href":"https:\/\/happygoodies.eu\/index.php\/wp-json\/wp\/v2\/types\/page"}],"author":[{"embeddable":true,"href":"https:\/\/happygoodies.eu\/index.php\/wp-json\/wp\/v2\/users\/2"}],"replies":[{"embeddable":true,"href":"https:\/\/happygoodies.eu\/index.php\/wp-json\/wp\/v2\/comments?post=559"}],"version-history":[{"count":12,"href":"https:\/\/happygoodies.eu\/index.php\/wp-json\/wp\/v2\/pages\/559\/revisions"}],"predecessor-version":[{"id":670,"href":"https:\/\/happygoodies.eu\/index.php\/wp-json\/wp\/v2\/pages\/559\/revisions\/670"}],"wp:attachment":[{"href":"https:\/\/happygoodies.eu\/index.php\/wp-json\/wp\/v2\/media?parent=559"}],"curies":[{"name":"wp","href":"https:\/\/api.w.org\/{rel}","templated":true}]}}