{"id":865,"date":"2025-08-26T22:29:50","date_gmt":"2025-08-26T20:29:50","guid":{"rendered":"https:\/\/happygoodies.eu\/?page_id=865"},"modified":"2025-08-27T19:09:52","modified_gmt":"2025-08-27T17:09:52","slug":"catalogues-goodies-et-textile","status":"publish","type":"page","link":"https:\/\/happygoodies.eu\/index.php\/catalogues-goodies-et-textile\/","title":{"rendered":"Catalogues"},"content":{"rendered":"<p>[et_pb_section fb_built=\u00a0\u00bb1&Prime; _builder_version=\u00a0\u00bb4.27.4&Prime; _module_preset=\u00a0\u00bbdefault\u00a0\u00bb custom_padding=\u00a0\u00bb54px|||||\u00a0\u00bb global_colors_info=\u00a0\u00bb{}\u00a0\u00bb][et_pb_row _builder_version=\u00a0\u00bb4.27.4&Prime; _module_preset=\u00a0\u00bbdefault\u00a0\u00bb global_colors_info=\u00a0\u00bb{}\u00a0\u00bb][et_pb_column type=\u00a0\u00bb4_4&Prime; _builder_version=\u00a0\u00bb4.27.4&Prime; _module_preset=\u00a0\u00bbdefault\u00a0\u00bb global_colors_info=\u00a0\u00bb{}\u00a0\u00bb][et_pb_text _builder_version=\u00a0\u00bb4.27.4&Prime; _module_preset=\u00a0\u00bbdefault\u00a0\u00bb global_colors_info=\u00a0\u00bb{}\u00a0\u00bb]<\/p>\n<h1><span>CATALOGUE GOODIES ET TEXTILE<\/span><\/h1>\n<p><span>Explorez nos <\/span><strong>catalogue goodies et textile personnalis\u00e9<\/strong><span> <\/span><span>pour trouver les objets publicitaires ou les textiles parfaits pour votre entreprise. <\/span><\/p>\n<p><span>Chez Happy Goodies, nous vous accompagnons dans le choix de <\/span><strong>produits promotionnels \u00e9co-responsables<\/strong><span> qui refl\u00e8tent vos valeurs d&rsquo;entreprise.<\/span><\/p>\n<p>[\/et_pb_text][\/et_pb_column][\/et_pb_row][et_pb_row column_structure=\u00a0\u00bb1_2,1_2&Prime; _builder_version=\u00a0\u00bb4.27.4&Prime; _module_preset=\u00a0\u00bbdefault\u00a0\u00bb global_colors_info=\u00a0\u00bb{}\u00a0\u00bb][et_pb_column type=\u00a0\u00bb1_2&Prime; _builder_version=\u00a0\u00bb4.27.4&Prime; _module_preset=\u00a0\u00bbdefault\u00a0\u00bb global_colors_info=\u00a0\u00bb{}\u00a0\u00bb][et_pb_image src=\u00a0\u00bbhttps:\/\/happygoodies.eu\/wp-content\/uploads\/2025\/08\/gros-plan-sur-le-rendu-3d-de-stylos-colores-scaled-e1756236997629.jpg\u00a0\u00bb alt=\u00a0\u00bbCatalogue goodies\u00a0\u00bb title_text=\u00a0\u00bbStylos imprim\u00e9s Happy Goodies\u00a0\u00bb _builder_version=\u00a0\u00bb4.27.4&Prime; _module_preset=\u00a0\u00bbdefault\u00a0\u00bb global_colors_info=\u00a0\u00bb{}\u00a0\u00bb][\/et_pb_image][\/et_pb_column][et_pb_column type=\u00a0\u00bb1_2&Prime; _builder_version=\u00a0\u00bb4.27.4&Prime; _module_preset=\u00a0\u00bbdefault\u00a0\u00bb global_colors_info=\u00a0\u00bb{}\u00a0\u00bb][et_pb_image src=\u00a0\u00bbhttps:\/\/happygoodies.eu\/wp-content\/uploads\/2025\/08\/assortiment-de-t-shirts-1-scaled-e1756236675969.jpg\u00a0\u00bb alt=\u00a0\u00bbTee-shirts \u00e0 imprimer Happy Goodies\u00a0\u00bb title_text=\u00a0\u00bbimpression tee-shirts\u00a0\u00bb _builder_version=\u00a0\u00bb4.27.4&Prime; _module_preset=\u00a0\u00bbdefault\u00a0\u00bb global_colors_info=\u00a0\u00bb{}\u00a0\u00bb][\/et_pb_image][\/et_pb_column][\/et_pb_row][et_pb_row column_structure=\u00a0\u00bb1_2,1_2&Prime; _builder_version=\u00a0\u00bb4.27.4&Prime; _module_preset=\u00a0\u00bbdefault\u00a0\u00bb global_colors_info=\u00a0\u00bb{}\u00a0\u00bb][et_pb_column type=\u00a0\u00bb1_2&Prime; _builder_version=\u00a0\u00bb4.27.4&Prime; _module_preset=\u00a0\u00bbdefault\u00a0\u00bb global_colors_info=\u00a0\u00bb{}\u00a0\u00bb][et_pb_button button_url=\u00a0\u00bbhttps:\/\/generalcatalogue2025.eu\/ed78f2fbf070450ebf63baf2cbf74304\/\u00a0\u00bb url_new_window=\u00a0\u00bbon\u00a0\u00bb button_text=\u00a0\u00bbCatalogue goodies\u00a0\u00bb button_alignment=\u00a0\u00bbcenter\u00a0\u00bb _builder_version=\u00a0\u00bb4.27.4&Prime; _module_preset=\u00a0\u00bbdefault\u00a0\u00bb global_colors_info=\u00a0\u00bb{}\u00a0\u00bb][\/et_pb_button][et_pb_text _builder_version=\u00a0\u00bb4.27.4&Prime; _module_preset=\u00a0\u00bbdefault\u00a0\u00bb custom_padding=\u00a0\u00bb||7px|||\u00a0\u00bb global_colors_info=\u00a0\u00bb{}\u00a0\u00bb]<\/p>\n<h3>Catalogue Goodies Promotionnels<\/h3>\n<div class=\"mb-2 whitespace-pre-line last:mb-0\" data-sentry-component=\"P\" data-sentry-source-file=\"p.tsx\">Notre <strong>catalogue goodies<\/strong> rassemble les <strong>objets publicitaires tendance<\/strong> :<\/div>\n<ul>\n<li><strong>Mugs personnalis\u00e9s<\/strong><span>\u00a0<\/span>et gourdes \u00e9co-responsables<\/li>\n<li><strong>Stylos publicitaires<\/strong><span>\u00a0<\/span>grav\u00e9s laser<\/li>\n<li><strong>Cl\u00e9s USB<\/strong><span>\u00a0<\/span>avec logo d&rsquo;entreprise<\/li>\n<li><strong>Carnets personnalis\u00e9s<\/strong><span>\u00a0<\/span>et accessoires de bureau<\/li>\n<li><strong>Gadgets high-tech<\/strong><span>\u00a0<\/span>pour \u00e9v\u00e9nements<\/li>\n<li><strong>Cadeaux d&rsquo;entreprise<\/strong><span>\u00a0<\/span>haut de gamme<\/li>\n<\/ul>\n<h3><\/h3>\n<p>[\/et_pb_text][\/et_pb_column][et_pb_column type=\u00a0\u00bb1_2&Prime; _builder_version=\u00a0\u00bb4.27.4&Prime; _module_preset=\u00a0\u00bbdefault\u00a0\u00bb global_colors_info=\u00a0\u00bb{}\u00a0\u00bb][et_pb_button button_url=\u00a0\u00bbhttps:\/\/happygoodies.alltextiles.eu\/fr\/home\u00a0\u00bb url_new_window=\u00a0\u00bbon\u00a0\u00bb button_text=\u00a0\u00bbCatalogue textiles\u00a0\u00bb button_alignment=\u00a0\u00bbcenter\u00a0\u00bb _builder_version=\u00a0\u00bb4.27.4&Prime; _module_preset=\u00a0\u00bbdefault\u00a0\u00bb global_colors_info=\u00a0\u00bb{}\u00a0\u00bb][\/et_pb_button][et_pb_text _builder_version=\u00a0\u00bb4.27.4&Prime; _module_preset=\u00a0\u00bbdefault\u00a0\u00bb global_colors_info=\u00a0\u00bb{}\u00a0\u00bb]<\/p>\n<div class=\"mb-2 whitespace-pre-line last:mb-0\" data-sentry-component=\"P\" data-sentry-source-file=\"p.tsx\">\n<h3>Catalogue Textile Personnalis\u00e9<\/h3>\n<div class=\"mb-2 whitespace-pre-line last:mb-0\" data-sentry-component=\"P\" data-sentry-source-file=\"p.tsx\">Notre <strong>catalogue textile<\/strong> propose une large gamme de <strong>v\u00eatements personnalisables<\/strong> :<\/div>\n<ul>\n<li><strong>T-shirts <\/strong>en coton bio<\/li>\n<li><strong>Polos <\/strong>aux couleurs de votre entreprise<\/li>\n<li><strong>Sweats avec ou sans capuche<\/strong><\/li>\n<li><strong>Tote bags \u00e9cologiques<\/strong><span>\u00a0<\/span>en coton recycl\u00e9<\/li>\n<li><strong>Casquettes publicitaires<\/strong><span>\u00a0<\/span>brod\u00e9es ou imprim\u00e9es<\/li>\n<li><strong>Textiles techniques<\/strong><span>\u00a0<\/span>pour \u00e9v\u00e9nements sportifs<\/li>\n<\/ul>\n<ul><\/ul>\n<\/div>\n<div class=\"mb-2 whitespace-pre-line last:mb-0\" data-sentry-component=\"P\" data-sentry-source-file=\"p.tsx\"><\/div>\n<p>[\/et_pb_text][\/et_pb_column][\/et_pb_row][et_pb_row _builder_version=\u00a0\u00bb4.27.4&Prime; _module_preset=\u00a0\u00bbdefault\u00a0\u00bb global_colors_info=\u00a0\u00bb{}\u00a0\u00bb][et_pb_column type=\u00a0\u00bb4_4&Prime; _builder_version=\u00a0\u00bb4.27.4&Prime; _module_preset=\u00a0\u00bbdefault\u00a0\u00bb global_colors_info=\u00a0\u00bb{}\u00a0\u00bb][et_pb_signup provider=\u00a0\u00bbsendinblue\u00a0\u00bb title=\u00a0\u00bbAbonnez-vous \u00e0 la newsletter\u00a0\u00bb button_text=\u00a0\u00bbJe m&rsquo;abonne\u00a0\u00bb description=\u00a0\u00bb<\/p>\n<p>Pour rester inform\u00e9 de nos nouveaut\u00e9s et trouver des id\u00e9es originales, vous pouvez vous abonner \u00e0 notre newsletter.  Nous avons r\u00e9guli\u00e8rement de nouveaux goodies publicitaires et des textiles adapt\u00e9s \u00e0 toutes les saisons pour rendre votre entreprise plus visible<\/p>\n<p>\u00a0\u00bb _builder_version=\u00a0\u00bb4.27.4&Prime; _module_preset=\u00a0\u00bbdefault\u00a0\u00bb global_colors_info=\u00a0\u00bb{}\u00a0\u00bb][\/et_pb_signup][\/et_pb_column][\/et_pb_row][et_pb_row _builder_version=\u00a0\u00bb4.27.4&Prime; _module_preset=\u00a0\u00bbdefault\u00a0\u00bb global_colors_info=\u00a0\u00bb{}\u00a0\u00bb][et_pb_column type=\u00a0\u00bb4_4&Prime; _builder_version=\u00a0\u00bb4.27.4&Prime; _module_preset=\u00a0\u00bbdefault\u00a0\u00bb global_colors_info=\u00a0\u00bb{}\u00a0\u00bb][et_pb_text _builder_version=\u00a0\u00bb4.27.4&Prime; _module_preset=\u00a0\u00bbdefault\u00a0\u00bb global_colors_info=\u00a0\u00bb{}\u00a0\u00bb]<\/p>\n<h3><\/h3>\n<h3>Pourquoi Choisir Happy Goodies ?<\/h3>\n<div class=\"mb-2 whitespace-pre-line last:mb-0\" data-sentry-component=\"P\" data-sentry-source-file=\"p.tsx\"><strong>Fabrication locale<\/strong> dans notre atelier \u00e0 Braine-le-Comte<\/div>\n<div class=\"mb-2 whitespace-pre-line last:mb-0\" data-sentry-component=\"P\" data-sentry-source-file=\"p.tsx\"><strong>Produits \u00e9co-responsables<\/strong> certifi\u00e9s europ\u00e9ens<br \/><strong>Consultation gratuite<\/strong> sur site<\/div>\n<div class=\"mb-2 whitespace-pre-line last:mb-0\" data-sentry-component=\"P\" data-sentry-source-file=\"p.tsx\"><strong>D\u00e9lais rapides<\/strong> : 1-2 semaines pour les commandes urgentes<\/div>\n<div class=\"mb-2 whitespace-pre-line last:mb-0\" data-sentry-component=\"P\" data-sentry-source-file=\"p.tsx\"><strong>Pas de minimum<\/strong> de commande<\/div>\n<div class=\"mb-2 whitespace-pre-line last:mb-0\" data-sentry-component=\"P\" data-sentry-source-file=\"p.tsx\"><strong>Accompagnement personnalis\u00e9<\/strong> de A \u00e0 Z<\/div>\n<div class=\"mb-2 whitespace-pre-line last:mb-0\" data-sentry-component=\"P\" data-sentry-source-file=\"p.tsx\"><\/div>\n<div class=\"mb-2 whitespace-pre-line last:mb-0\" data-sentry-component=\"P\" data-sentry-source-file=\"p.tsx\"><\/div>\n<div class=\"mb-2 whitespace-pre-line last:mb-0\" data-sentry-component=\"P\" data-sentry-source-file=\"p.tsx\"><\/div>\n<div class=\"mb-2 whitespace-pre-line last:mb-0\" data-sentry-component=\"P\" data-sentry-source-file=\"p.tsx\"><\/div>\n<div class=\"mb-2 whitespace-pre-line last:mb-0\" data-sentry-component=\"P\" data-sentry-source-file=\"p.tsx\"><\/div>\n<div class=\"mb-2 whitespace-pre-line last:mb-0\" data-sentry-component=\"P\" data-sentry-source-file=\"p.tsx\"><\/div>\n<div class=\"mb-2 whitespace-pre-line last:mb-0\" data-sentry-component=\"P\" data-sentry-source-file=\"p.tsx\"><\/div>\n<div class=\"mb-2 whitespace-pre-line last:mb-0\" data-sentry-component=\"P\" data-sentry-source-file=\"p.tsx\"><\/div>\n<h3><\/h3>\n<h3>Services Inclus<\/h3>\n<ul>\n<li><strong>Conseil en communication<\/strong><span>\u00a0<\/span>par l&rsquo;objet<\/li>\n<li><strong>Retouche graphique<\/strong><span>\u00a0<\/span>de vos visuels<\/li>\n<li><strong>Packaging personnalis\u00e9<\/strong><span>\u00a0<\/span>disponible<\/li>\n<li><strong>Livraison<\/strong><span>\u00a0<\/span>en Belgique et France<\/li>\n<li><strong>Service apr\u00e8s-vente<\/strong><span>\u00a0<\/span>garanti<\/li>\n<\/ul>\n<h3>Zones d&rsquo;Intervention<\/h3>\n<div class=\"mb-2 whitespace-pre-line last:mb-0\" data-sentry-component=\"P\" data-sentry-source-file=\"p.tsx\">Nous servons principalement la <strong>Wallonie<\/strong>, <strong>Bruxelles,<\/strong>\u00a0la <strong>France<\/strong> et <strong>l&rsquo;Europe <\/strong>avec nos <strong>objets promotionnels personnalis\u00e9s<\/strong>.<\/div>\n<div class=\"mb-2 whitespace-pre-line last:mb-0\" data-sentry-component=\"P\" data-sentry-source-file=\"p.tsx\"><\/div>\n<p>[\/et_pb_text][\/et_pb_column][\/et_pb_row][\/et_pb_section]<\/p>\n","protected":false},"excerpt":{"rendered":"<p>CATALOGUE GOODIES ET TEXTILE Explorez nos catalogue goodies et textile personnalis\u00e9 pour trouver les objets publicitaires ou les textiles parfaits pour votre entreprise. Chez Happy Goodies, nous vous accompagnons dans le choix de produits promotionnels \u00e9co-responsables qui refl\u00e8tent vos valeurs d&rsquo;entreprise.Catalogue Goodies Promotionnels Notre catalogue goodies rassemble les objets publicitaires tendance : Mugs personnalis\u00e9s\u00a0et gourdes [&hellip;]<\/p>\n","protected":false},"author":2,"featured_media":0,"parent":0,"menu_order":0,"comment_status":"closed","ping_status":"closed","template":"","meta":{"_et_pb_use_builder":"on","_et_pb_old_content":"","_et_gb_content_width":"","footnotes":""},"class_list":["post-865","page","type-page","status-publish","hentry"],"_links":{"self":[{"href":"https:\/\/happygoodies.eu\/index.php\/wp-json\/wp\/v2\/pages\/865","targetHints":{"allow":["GET"]}}],"collection":[{"href":"https:\/\/happygoodies.eu\/index.php\/wp-json\/wp\/v2\/pages"}],"about":[{"href":"https:\/\/happygoodies.eu\/index.php\/wp-json\/wp\/v2\/types\/page"}],"author":[{"embeddable":true,"href":"https:\/\/happygoodies.eu\/index.php\/wp-json\/wp\/v2\/users\/2"}],"replies":[{"embeddable":true,"href":"https:\/\/happygoodies.eu\/index.php\/wp-json\/wp\/v2\/comments?post=865"}],"version-history":[{"count":9,"href":"https:\/\/happygoodies.eu\/index.php\/wp-json\/wp\/v2\/pages\/865\/revisions"}],"predecessor-version":[{"id":890,"href":"https:\/\/happygoodies.eu\/index.php\/wp-json\/wp\/v2\/pages\/865\/revisions\/890"}],"wp:attachment":[{"href":"https:\/\/happygoodies.eu\/index.php\/wp-json\/wp\/v2\/media?parent=865"}],"curies":[{"name":"wp","href":"https:\/\/api.w.org\/{rel}","templated":true}]}}